{"id":8,"date":"2018-05-17T17:19:20","date_gmt":"2018-05-17T15:19:20","guid":{"rendered":"https:\/\/istraholiday-ritosa.com\/?page_id=8"},"modified":"2025-08-11T15:06:56","modified_gmt":"2025-08-11T13:06:56","slug":"zastita-osobnih-podataka","status":"publish","type":"page","link":"https:\/\/istraholiday-ritosa.com\/hr\/zastita-osobnih-podataka\/","title":{"rendered":"Za\u0161tita osobnih podataka"},"content":{"rendered":"<div class=\"fusion-fullwidth fullwidth-box fusion-builder-row-1 nonhundred-percent-fullwidth non-hundred-percent-height-scrolling\" style=\"--awb-border-radius-top-left:0px;--awb-border-radius-top-right:0px;--awb-border-radius-bottom-right:0px;--awb-border-radius-bottom-left:0px;--awb-padding-top:50px;--awb-flex-wrap:wrap;\" ><div class=\"fusion-builder-row fusion-row\"><div class=\"fusion-layout-column fusion_builder_column fusion-builder-column-0 fusion_builder_column_1_6 1_6 fusion-one-sixth fusion-column-first\" style=\"--awb-bg-blend:overlay;--awb-bg-size:cover;width:16.666666666667%;width:calc(16.666666666667% - ( ( 4% + 4% ) * 0.16666666666667 ) );margin-right: 4%;\"><div class=\"fusion-column-wrapper fusion-flex-column-wrapper-legacy\"><div class=\"fusion-clearfix\"><\/div><\/div><\/div><div class=\"fusion-layout-column fusion_builder_column fusion-builder-column-1 fusion_builder_column_2_3 2_3 fusion-two-third\" style=\"--awb-bg-blend:overlay;--awb-bg-size:cover;width:66.666666666667%;width:calc(66.666666666667% - ( ( 4% + 4% ) * 0.66666666666667 ) );margin-right: 4%;\"><div class=\"fusion-column-wrapper fusion-flex-column-wrapper-legacy\"><div class=\"fusion-text fusion-text-1\"><p style=\"text-align: justify;\">Za\u0161tita osobnih podataka na web stranici www.istraholiday-ritosa.com.<\/p>\n<p style=\"text-align: justify;\"><strong>Podaci koje prikupljamo<\/strong><br \/>\nPristup web stranici www.istraholiday-ritosa.com je slobodan i ne tra\u017ei se registracija. Kontaktiranjem putem kontakt-obrazaca ili elektroni\u010dkom po\u0161tom ispunjavate svoje podatke (kontakt, ime i prezime, a u tekstu poruke navodite neke podatke o sebi). Ti su podaci dostupni isklju\u010divo House Rito\u0161akojima su upu\u0107eni u svrhu rje\u0161avanja va\u0161eg upita. Davanje va\u0161ih osobnih podataka je dobrovoljno. Ne obra\u0111ujemo vi\u0161e osobnih podataka no \u0161to je doista potrebno za odgovaranje na va\u0161 upit.<\/p>\n<p style=\"text-align: justify;\"><strong>Za\u0161tita va\u0161ih osobnih podataka<\/strong><br \/>\nHouse Rito\u0161apo\u0161tuje va\u0161u privatnost te obra\u0111uje va\u0161e osobne podatke po\u0161teno i zakonito.\u2028Va\u0161e osobne podatke spremamo u elektroni\u010dkom obliku te u svrhu za\u0161tite primjenjujemo odgovaraju\u0107e tehni\u010dke, organizacijske i kadrovske mjere za\u0161tite osobnih podataka i procedure kako bismo sprije\u010dili da se osobnim podacima ne bi neovla\u0161teno pristupalo.<\/p>\n<p style=\"text-align: justify;\"><strong>Poruke u elektroni\u010dkom obliku<\/strong><br \/>\nKad nam \u0161aljete elektroni\u010dku po\u0161tu (e-mail) s va\u0161im osobnim podacima po kojima vas je mogu\u0107e identificirati, bez obzira na to radi li se o elektroni\u010dkoj po\u0161ti s pitanjem ili to \u010dinite putem kontakt obrazaca koji se nalaze na web stranici www.istraholiday-ritosa.com, a koji nam dostavljate elektroni\u010dkom po\u0161tom, mi te podatke koristimo samo u svrhu ispunjenja va\u0161ih upita. Osobne podatke ne obra\u0111ujemo u marketin\u0161ke svrhe te se zavr\u0161etkom kalendarske godine bri\u0161u iz na\u0161eg mail programa osim ako niste postali na\u0161 klijent te se tada upi\u0161u u bazu klijenta radi ispostavljanja fakture za dogovorenu uslugu.<\/p>\n<p style=\"text-align: justify;\"><strong>Brisanje i va\u0161 pristup osobnim podacima<\/strong><br \/>\nVa\u0161e osobne podatke koje ste nam u\u010dinili dostupnima \u010duvati podatke samo u periodu koji je dovoljan da ispuni inicijalna svrha njihovog prikupljanja. Ovla\u0161teni ste u svako doba zatra\u017eiti obavijest o tome koje va\u0161e osobne podatke imamo u na\u0161oj bazi elektroni\u010dke po\u0161te, kao i zatra\u017eiti da sve ili neke osobne podatke izmijenimo (Pravo na ispravak) ili izbri\u0161emo (Pravo na zaborav). To \u0107ete u\u010diniti tako da se javite putem kontakt adrese <a href=\"mailto:info@vina-ritosa.hr\"><b>\u00a0info@vina-ritosa.hr \u00a0<\/b><\/a>\u00a0i dostavite obavijest s va\u0161im zahtjevom. Ukoliko postavite jedan od takvih zahtjeva, ulo\u017eit \u0107emo razumne napore da potvrdimo va\u0161 identitet i sprije\u010dimo neautorizirani pristup osobnim podacima.<\/p>\n<p style=\"text-align: justify;\"><strong>Dostavljanje osobnih podataka drugim primateljima<\/strong><br \/>\nVa\u0161e osobne podatke ne dostavljamo drugim primateljima. Me\u0111utim, na web stranici www.istraholiday-ritosa.com prona\u0107i \u0107ete linkove na druge web stranice. Pravila za\u0161tite privatnosti na tim portalima mogu biti druga\u010dija od Pravila za\u0161tite privatnosti na www.istraholiday-ritosa.com. Na na\u0161oj stranici mo\u017eemo vam ponuditi i kori\u0161tenje dru\u0161tvenih mre\u017ea House Rito\u0161a (Facebook, Instagram, Linkedin, Google) te druge servise Google Map, Youtube koje omogu\u0107avaju dijeljenje osobnih podataka.<\/p>\n<p style=\"text-align: justify;\"><strong>Statistika poslu\u017eitelja i Google Analiza<\/strong><br \/>\nSve Internet stranice pod kontrolom House Rito\u0161a, uklju\u010duju\u0107i i ovu Stranicu, mogu koristiti Google Analytics \u2013 uslugu Internet analize koju pru\u017ea Google Inc. (dalje u tekstu: Google). Google Analiza koristi \u201ekola\u010di\u0107e\u201c &#8211; male tekstualne datoteke koja se automatski postavljaju na tvrdi disk korisnikovog ra\u010dunala \u2013 u svrhu analize korisni\u010dkih navika. Podaci koji se prikupljaju putem \u201ekola\u010di\u0107a\u201c o kori\u0161tenju Stranice (uklju\u010duju\u0107i i korisnikovu IP adresu) Google prenosi i pohranjuje na poslu\u017eitelje (engl. server) koji se nalaze u SAD-u. Google \u0107e prikupljene podatke koristiti u svrhu procjene kori\u0161tenja Stranice, generiranja izvje\u0161taja o aktivnostima na Stranici za potrebe operatera Internet stranica i pru\u017eanja drugih usluga u vezi sa kori\u0161tenjem Stranice i, op\u0107enito, kori\u0161tenjem Interneta. Google ove podatke tako\u0111er mo\u017ee prenositi tre\u0107im osobama, kada je to zakonom propisano ili kada odnosne tre\u0107e osobe vr\u0161e obradu podataka u ime Google-a. Google ne\u0107e povezivati IP adresu korisnika Stranice sa bilo kojim drugim podacima koje Google prikuplja. Mo\u017eete se usprotiviti kori\u0161tenju \u201ekola\u010di\u0107a\u201c odabirom odgovaraju\u0107ih postavki na Va\u0161em pregledniku, time da vodite ra\u010duna o tome da to mo\u017ee utjecati na potpunu funkcionalnost Stranice. Kori\u0161tenjem Stranice dajete suglasnost za obradu Va\u0161ih osobnih podataka od strane Google-a na naprijed navedeni na\u010din.<br \/>\nStoga vas molimo da se upoznate s Pravilima za\u0161tite privatnosti koja se primjenjuju na drugim web stranicama i na dru\u0161tvenim mre\u017eama.<\/p>\n<p style=\"text-align: justify;\"><strong>Za\u0161titne mjere<\/strong><br \/>\nHouse Rito\u0161akoristi tehnolo\u0161ke i sigurnosne mjere, pravila i ostale postupke radi za\u0161tite osobnih podataka korisnika ove Stranice od neovla\u0161tenog pristupa, zlouporabe, otkrivanja, gubitka ili uni\u0161tenja. Radi osiguranja za\u0161tite tajnosti podataka o korisnicima stranice, House Rito\u0161akoristi industrijske standardne za\u0161titne mjere, primjerice firewall i za\u0161tita lozinkom. Ipak, korisnik se du\u017ean pobrinuti da je i ra\u010dunalo koje koristi sigurno i za\u0161ti\u0107eno od zlonamjernog software-a kao \u0161to su trojanci, ra\u010dunalni virusi i crvi. Korisnik Stranice je svjestan da bez adekvatnih mjera sigurnosti (primjerice, sigurna konfiguracija Internet preglednika, a\u017eurirani antivirusni programi, osobni firewall programi, nekori\u0161tenje programa iz sumnjivih izvora) postoji rizik da podaci i lozinke koje koristi radi spre\u010davanja pristupa osobnim podacima, mogu biti otkriveni neovla\u0161tenim tre\u0107im osobama.<\/p>\n<p style=\"text-align: justify;\"><strong>Za\u0161tita maloljetnika<\/strong><br \/>\nOva Stranica je namijenjena odraslima. House Rito\u0161a ne prikuplja osobne podatke o maloljetnicima (definirani kao osobe mla\u0111e od 18 godina) bez prethodnog, provjerljivog pristanka njezina \/ njegova zakonskog zastupnika. Odnosni zakonski zastupnik ima pravo, na vlastiti zahtjev, pregledati podatke koje je dao maloljetnik i \/ ili zahtijevati brisanje takvih podataka.<\/p>\n<p style=\"text-align: justify;\"><strong>Ograni\u010denje odgovornosti<\/strong><br \/>\nIako poduzimamo dostupne tehni\u010dke, organizacijske i kadrovske mjere u cilju spre\u010davanja neovla\u0161tenog otkrivanja va\u0161ih osobnih podataka, ne mo\u017eemo jam\u010diti da neki od osobnih podataka koje prikupljamo ne\u0107e nikada biti slu\u010dajno otkriveni, suprotno odredbama ovih Pravila za\u0161tite privatnosti. Do najve\u0107e mjere dopu\u0161tene zakonom isklju\u010dujemo odgovornost za \u0161tetu nanesenu korisnicima ili tre\u0107im osobama slu\u010dajnim otkrivanjem osobnih podataka.<\/p>\n<p style=\"text-align: justify;\"><strong>Statistika poslu\u017eitelja<\/strong><br \/>\nOva web stranica koristi Google Analytics mjerenje statistike posje\u0107enosti.<\/p>\n<p style=\"text-align: justify;\"><strong>Slu\u017ebenik za za\u0161titu osobnih podataka<\/strong><\/p>\n<p><strong>RITO\u0160A VINA, obrt za poljoprivredu Vl. Ana Rito\u0161a<\/strong><br \/>\nI.L. Ribara 3, 52440 Pore\u010d<br \/>\nHRVATSKA<br \/>\nTelefon: +385 (0)52 432 069<br \/>\nE.mail: <a href=\"mailto:info@vina-ritosa.hr\">info@vina-ritosa.hr<\/a><\/p>\n<p style=\"text-align: justify;\">Kori\u0161tenjem stranice www.istraholiday-ritosa.com korisnik daje pristanak za postupanje s osobnim podacima na naprijed navedeni na\u010din.<\/p>\n<\/div><div class=\"fusion-clearfix\"><\/div><\/div><\/div><div class=\"fusion-layout-column fusion_builder_column fusion-builder-column-2 fusion_builder_column_1_6 1_6 fusion-one-sixth fusion-column-last\" style=\"--awb-bg-blend:overlay;--awb-bg-size:cover;width:16.666666666667%;width:calc(16.666666666667% - ( ( 4% + 4% ) * 0.16666666666667 ) );\"><div class=\"fusion-column-wrapper fusion-flex-column-wrapper-legacy\"><div class=\"fusion-clearfix\"><\/div><\/div><\/div><\/div><\/div>\n","protected":false},"excerpt":{"rendered":"","protected":false},"author":1,"featured_media":0,"parent":0,"menu_order":0,"comment_status":"closed","ping_status":"closed","template":"","meta":{"_acf_changed":false,"footnotes":""},"class_list":["post-8","page","type-page","status-publish","hentry"],"acf":[],"yoast_head":"<!-- This site is optimized with the Yoast SEO plugin v27.1.1 - https:\/\/yoast.com\/product\/yoast-seo-wordpress\/ -->\n<title>Za\u0161tita osobnih podataka - Bed and Breakfast Rito\u0161a<\/title>\n<meta name=\"robots\" content=\"index, follow, max-snippet:-1, max-image-preview:large, max-video-preview:-1\" \/>\n<link rel=\"canonical\" href=\"https:\/\/istraholiday-ritosa.com\/hr\/zastita-osobnih-podataka\/\" \/>\n<meta property=\"og:locale\" content=\"hr_HR\" \/>\n<meta property=\"og:type\" content=\"article\" \/>\n<meta property=\"og:title\" content=\"Za\u0161tita osobnih podataka - Bed and Breakfast Rito\u0161a\" \/>\n<meta property=\"og:url\" content=\"https:\/\/istraholiday-ritosa.com\/hr\/zastita-osobnih-podataka\/\" \/>\n<meta property=\"og:site_name\" content=\"Bed and Breakfast Rito\u0161a\" \/>\n<meta property=\"article:modified_time\" content=\"2025-08-11T13:06:56+00:00\" \/>\n<meta name=\"twitter:card\" content=\"summary_large_image\" \/>\n<meta name=\"twitter:label1\" content=\"Procijenjeno vrijeme \u010ditanja\" \/>\n\t<meta name=\"twitter:data1\" content=\"5 minuta\" \/>\n<script type=\"application\/ld+json\" class=\"yoast-schema-graph\">{\"@context\":\"https:\/\/schema.org\",\"@graph\":[{\"@type\":\"WebPage\",\"@id\":\"https:\/\/istraholiday-ritosa.com\/hr\/zastita-osobnih-podataka\/\",\"url\":\"https:\/\/istraholiday-ritosa.com\/hr\/zastita-osobnih-podataka\/\",\"name\":\"Za\u0161tita osobnih podataka - Bed and Breakfast Rito\u0161a\",\"isPartOf\":{\"@id\":\"https:\/\/istraholiday-ritosa.com\/hr\/#website\"},\"datePublished\":\"2018-05-17T15:19:20+00:00\",\"dateModified\":\"2025-08-11T13:06:56+00:00\",\"breadcrumb\":{\"@id\":\"https:\/\/istraholiday-ritosa.com\/hr\/zastita-osobnih-podataka\/#breadcrumb\"},\"inLanguage\":\"hr\",\"potentialAction\":[{\"@type\":\"ReadAction\",\"target\":[\"https:\/\/istraholiday-ritosa.com\/hr\/zastita-osobnih-podataka\/\"]}]},{\"@type\":\"BreadcrumbList\",\"@id\":\"https:\/\/istraholiday-ritosa.com\/hr\/zastita-osobnih-podataka\/#breadcrumb\",\"itemListElement\":[{\"@type\":\"ListItem\",\"position\":1,\"name\":\"Po\u010detna stranica\",\"item\":\"https:\/\/istraholiday-ritosa.com\/hr\/\"},{\"@type\":\"ListItem\",\"position\":2,\"name\":\"Za\u0161tita osobnih podataka\"}]},{\"@type\":\"WebSite\",\"@id\":\"https:\/\/istraholiday-ritosa.com\/hr\/#website\",\"url\":\"https:\/\/istraholiday-ritosa.com\/hr\/\",\"name\":\"Bed and Breakfast Rito\u0161a\",\"description\":\"room -  app\",\"potentialAction\":[{\"@type\":\"SearchAction\",\"target\":{\"@type\":\"EntryPoint\",\"urlTemplate\":\"https:\/\/istraholiday-ritosa.com\/hr\/?s={search_term_string}\"},\"query-input\":{\"@type\":\"PropertyValueSpecification\",\"valueRequired\":true,\"valueName\":\"search_term_string\"}}],\"inLanguage\":\"hr\"}]}<\/script>\n<!-- \/ Yoast SEO plugin. -->","yoast_head_json":{"title":"Za\u0161tita osobnih podataka - Bed and Breakfast Rito\u0161a","robots":{"index":"index","follow":"follow","max-snippet":"max-snippet:-1","max-image-preview":"max-image-preview:large","max-video-preview":"max-video-preview:-1"},"canonical":"https:\/\/istraholiday-ritosa.com\/hr\/zastita-osobnih-podataka\/","og_locale":"hr_HR","og_type":"article","og_title":"Za\u0161tita osobnih podataka - Bed and Breakfast Rito\u0161a","og_url":"https:\/\/istraholiday-ritosa.com\/hr\/zastita-osobnih-podataka\/","og_site_name":"Bed and Breakfast Rito\u0161a","article_modified_time":"2025-08-11T13:06:56+00:00","twitter_card":"summary_large_image","twitter_misc":{"Procijenjeno vrijeme \u010ditanja":"5 minuta"},"schema":{"@context":"https:\/\/schema.org","@graph":[{"@type":"WebPage","@id":"https:\/\/istraholiday-ritosa.com\/hr\/zastita-osobnih-podataka\/","url":"https:\/\/istraholiday-ritosa.com\/hr\/zastita-osobnih-podataka\/","name":"Za\u0161tita osobnih podataka - Bed and Breakfast Rito\u0161a","isPartOf":{"@id":"https:\/\/istraholiday-ritosa.com\/hr\/#website"},"datePublished":"2018-05-17T15:19:20+00:00","dateModified":"2025-08-11T13:06:56+00:00","breadcrumb":{"@id":"https:\/\/istraholiday-ritosa.com\/hr\/zastita-osobnih-podataka\/#breadcrumb"},"inLanguage":"hr","potentialAction":[{"@type":"ReadAction","target":["https:\/\/istraholiday-ritosa.com\/hr\/zastita-osobnih-podataka\/"]}]},{"@type":"BreadcrumbList","@id":"https:\/\/istraholiday-ritosa.com\/hr\/zastita-osobnih-podataka\/#breadcrumb","itemListElement":[{"@type":"ListItem","position":1,"name":"Po\u010detna stranica","item":"https:\/\/istraholiday-ritosa.com\/hr\/"},{"@type":"ListItem","position":2,"name":"Za\u0161tita osobnih podataka"}]},{"@type":"WebSite","@id":"https:\/\/istraholiday-ritosa.com\/hr\/#website","url":"https:\/\/istraholiday-ritosa.com\/hr\/","name":"Bed and Breakfast Rito\u0161a","description":"room -  app","potentialAction":[{"@type":"SearchAction","target":{"@type":"EntryPoint","urlTemplate":"https:\/\/istraholiday-ritosa.com\/hr\/?s={search_term_string}"},"query-input":{"@type":"PropertyValueSpecification","valueRequired":true,"valueName":"search_term_string"}}],"inLanguage":"hr"}]}},"_links":{"self":[{"href":"https:\/\/istraholiday-ritosa.com\/hr\/wp-json\/wp\/v2\/pages\/8","targetHints":{"allow":["GET"]}}],"collection":[{"href":"https:\/\/istraholiday-ritosa.com\/hr\/wp-json\/wp\/v2\/pages"}],"about":[{"href":"https:\/\/istraholiday-ritosa.com\/hr\/wp-json\/wp\/v2\/types\/page"}],"author":[{"embeddable":true,"href":"https:\/\/istraholiday-ritosa.com\/hr\/wp-json\/wp\/v2\/users\/1"}],"replies":[{"embeddable":true,"href":"https:\/\/istraholiday-ritosa.com\/hr\/wp-json\/wp\/v2\/comments?post=8"}],"version-history":[{"count":9,"href":"https:\/\/istraholiday-ritosa.com\/hr\/wp-json\/wp\/v2\/pages\/8\/revisions"}],"predecessor-version":[{"id":1597,"href":"https:\/\/istraholiday-ritosa.com\/hr\/wp-json\/wp\/v2\/pages\/8\/revisions\/1597"}],"wp:attachment":[{"href":"https:\/\/istraholiday-ritosa.com\/hr\/wp-json\/wp\/v2\/media?parent=8"}],"curies":[{"name":"wp","href":"https:\/\/api.w.org\/{rel}","templated":true}]}}