{"id":6,"date":"2018-05-17T17:17:02","date_gmt":"2018-05-17T15:17:02","guid":{"rendered":"https:\/\/istraholiday-ritosa.com\/?page_id=6"},"modified":"2019-11-18T13:23:45","modified_gmt":"2019-11-18T12:23:45","slug":"izjava-o-koristenju-kolacica","status":"publish","type":"page","link":"https:\/\/istraholiday-ritosa.com\/hr\/izjava-o-koristenju-kolacica\/","title":{"rendered":"Izjava o kori\u0161tenju Kola\u010di\u0107a"},"content":{"rendered":"<div class=\"fusion-fullwidth fullwidth-box fusion-builder-row-1 nonhundred-percent-fullwidth non-hundred-percent-height-scrolling\" style=\"--awb-border-radius-top-left:0px;--awb-border-radius-top-right:0px;--awb-border-radius-bottom-right:0px;--awb-border-radius-bottom-left:0px;--awb-padding-top:50px;--awb-flex-wrap:wrap;\" ><div class=\"fusion-builder-row fusion-row\"><div class=\"fusion-layout-column fusion_builder_column fusion-builder-column-0 fusion_builder_column_1_6 1_6 fusion-one-sixth fusion-column-first\" style=\"--awb-bg-size:cover;width:16.666666666667%;width:calc(16.666666666667% - ( ( 4% + 4% ) * 0.16666666666667 ) );margin-right: 4%;\"><div class=\"fusion-column-wrapper fusion-flex-column-wrapper-legacy\"><div class=\"fusion-clearfix\"><\/div><\/div><\/div><div class=\"fusion-layout-column fusion_builder_column fusion-builder-column-1 fusion_builder_column_2_3 2_3 fusion-two-third\" style=\"--awb-bg-size:cover;width:66.666666666667%;width:calc(66.666666666667% - ( ( 4% + 4% ) * 0.66666666666667 ) );margin-right: 4%;\"><div class=\"fusion-column-wrapper fusion-flex-column-wrapper-legacy\"><div class=\"fusion-text fusion-text-1\"><p style=\"text-align: justify;\"><strong>Kori\u0161tenje \u201ekola\u010di\u0107a\u201c (cookies)<\/strong><\/p>\n<p style=\"text-align: justify;\">Web stranice www.istraholiday-ritosa.com koriste tzv. kola\u010di\u0107e (eng. &#8216;cookies&#8217;) kako bi se korisniku mogla pru\u017eiti usluga s potpunim funkcionalnostima i \u0161to kvalitetnijim sadr\u017eajem. Kola\u010di\u0107i predstavljaju skup podataka koje generira poslu\u017eitelj web stranica i koje web preglednik sprema na disk korisnika u obliku male tekstualne datoteke.<br \/>\nNa\u0161im korisnicima stalno nastojimo pru\u017eiti najbolje mogu\u0107e korisni\u010dko iskustvo pa je potrebno napomenuti da na\u0161e Internet stranice rade optimalno samo ako su kola\u010di\u0107i omogu\u0107eni. Da bi \u201ekola\u010di\u0107e\u201c mogli koristiti sukladno Zakonu o elektroni\u010dkim komunikacijama, Zakonu o za\u0161titi osobnih podataka i Direktivama EU treba nam va\u0161a privola. Kori\u0161tenjem ove Internet stranice dajete privolu i pristajete na uporabu kola\u010di\u0107a. Blokiranjem kola\u010di\u0107a i dalje mo\u017eete pregledavati stranicu, no neke njezine mogu\u0107nosti Vam ne\u0107e biti dostupne.<br \/>\nTokom pregledavanja stvara se i sesijski kola\u010di\u0107 koji se postavlja na ra\u010dunalo korisnika web stranica www.istraholiday-ritosa.com samo za vrijeme trajanja posjete te se korisniku na taj na\u010din omogu\u0107uje da se u\u010dinkovitije slu\u017ei web stranicama www.istraholiday-ritosa.com i automatski istje\u010de kada zatvori svoj preglednik. Dodatne informacije, poput Va\u0161eg imena ili e-mail adrese ne\u0107e biti spremljene \u2013 web stranice ne mogu dobiti pristup informacijama koje im Vi niste dali i ne mogu pristupiti drugim datotekama na Va\u0161em ra\u010dunalu.<\/p>\n<p style=\"text-align: justify;\"><strong>Kola\u010di\u0107i vanjskih servisa<\/strong><\/p>\n<p style=\"text-align: justify;\">House Rito\u0161a na svojim internetskim stranicama koristi vlastite kola\u010di\u0107e, a istovremeno omogu\u0107uje odabranim tre\u0107im stranama da na korisnikovo ra\u010dunalo instaliraju svoje kola\u010di\u0107e. Korisnik kori\u0161tenjem Internet stranice daje suglasnost za upotrebu kola\u010di\u0107a i vanjskim servisima. Primjer vanjskog servisa koji slu\u017ei za statisti\u010dku posje\u0107enost radi dobivanja informacije o uspje\u0161nosti stranica na tr\u017ei\u0161tu je Google Analytics. Detaljne informacije dostupne su na: <a href=\"https:\/\/www.google.com\/intl\/en\/analytics\/privacyoverview.html\" target=\"_blank\" rel=\"noopener noreferrer\">Google analytics<\/a>.<\/p>\n<p><strong>Kako onemogu\u0107iti kola\u010di\u0107e?<\/strong><\/p>\n<p style=\"text-align: justify;\">Isklju\u010divanjem kola\u010di\u0107a odlu\u010dujete ho\u0107ete li dopustiti pohranjivanje kola\u010di\u0107a na va\u0161em ra\u010dunalu. Postavke za kola\u010di\u0107e mogu se kontrolirati i konfigurirati u va\u0161em Internet pregledniku.\u2028Ovla\u0161teni ste zabraniti primanje kola\u010di\u0107a tako da u izborniku Alati\/Opcije (Tools\/Options) u svom pregledniku izaberete tu mogu\u0107nost. House Rito\u0161a isklju\u010duje svaku odgovornost za bilo kakav gubitak funkcionalnosti i\/ili kvalitete sadr\u017eaja web stranica www.istraholiday-ritosa.com u svim slu\u010dajevima odabira regulacije primanja kola\u010di\u0107a od strane korisnika. Smatra se da su korisnici u svakom trenutku upoznati i suglasni s ovim uvjetima kori\u0161tenja i mogu\u0107nostima u vezi s kola\u010di\u0107ima.<\/p>\n<\/div><?php\nprint_r($_COOKIE);\n?><div class=\"fusion-clearfix\"><\/div><\/div><\/div><div class=\"fusion-layout-column fusion_builder_column fusion-builder-column-2 fusion_builder_column_1_6 1_6 fusion-one-sixth fusion-column-last\" style=\"--awb-bg-size:cover;width:16.666666666667%;width:calc(16.666666666667% - ( ( 4% + 4% ) * 0.16666666666667 ) );\"><div class=\"fusion-column-wrapper fusion-flex-column-wrapper-legacy\"><div class=\"fusion-clearfix\"><\/div><\/div><\/div><\/div><\/div>\n","protected":false},"excerpt":{"rendered":"","protected":false},"author":1,"featured_media":0,"parent":0,"menu_order":0,"comment_status":"closed","ping_status":"closed","template":"","meta":{"_acf_changed":false,"footnotes":""},"class_list":["post-6","page","type-page","status-publish","hentry"],"acf":[],"yoast_head":"<!-- This site is optimized with the Yoast SEO plugin v27.1.1 - https:\/\/yoast.com\/product\/yoast-seo-wordpress\/ -->\n<title>Izjava o kori\u0161tenju Kola\u010di\u0107a - Bed and Breakfast Rito\u0161a<\/title>\n<meta name=\"robots\" content=\"index, follow, max-snippet:-1, max-image-preview:large, max-video-preview:-1\" \/>\n<link rel=\"canonical\" href=\"https:\/\/istraholiday-ritosa.com\/hr\/izjava-o-koristenju-kolacica\/\" \/>\n<meta property=\"og:locale\" content=\"hr_HR\" \/>\n<meta property=\"og:type\" content=\"article\" \/>\n<meta property=\"og:title\" content=\"Izjava o kori\u0161tenju Kola\u010di\u0107a - Bed and Breakfast Rito\u0161a\" \/>\n<meta property=\"og:url\" content=\"https:\/\/istraholiday-ritosa.com\/hr\/izjava-o-koristenju-kolacica\/\" \/>\n<meta property=\"og:site_name\" content=\"Bed and Breakfast Rito\u0161a\" \/>\n<meta property=\"article:modified_time\" content=\"2019-11-18T12:23:45+00:00\" \/>\n<meta name=\"twitter:card\" content=\"summary_large_image\" \/>\n<meta name=\"twitter:label1\" content=\"Procijenjeno vrijeme \u010ditanja\" \/>\n\t<meta name=\"twitter:data1\" content=\"4 minute\" \/>\n<script type=\"application\/ld+json\" class=\"yoast-schema-graph\">{\"@context\":\"https:\/\/schema.org\",\"@graph\":[{\"@type\":\"WebPage\",\"@id\":\"https:\/\/istraholiday-ritosa.com\/hr\/izjava-o-koristenju-kolacica\/\",\"url\":\"https:\/\/istraholiday-ritosa.com\/hr\/izjava-o-koristenju-kolacica\/\",\"name\":\"Izjava o kori\u0161tenju Kola\u010di\u0107a - Bed and Breakfast Rito\u0161a\",\"isPartOf\":{\"@id\":\"https:\/\/istraholiday-ritosa.com\/hr\/#website\"},\"datePublished\":\"2018-05-17T15:17:02+00:00\",\"dateModified\":\"2019-11-18T12:23:45+00:00\",\"breadcrumb\":{\"@id\":\"https:\/\/istraholiday-ritosa.com\/hr\/izjava-o-koristenju-kolacica\/#breadcrumb\"},\"inLanguage\":\"hr\",\"potentialAction\":[{\"@type\":\"ReadAction\",\"target\":[\"https:\/\/istraholiday-ritosa.com\/hr\/izjava-o-koristenju-kolacica\/\"]}]},{\"@type\":\"BreadcrumbList\",\"@id\":\"https:\/\/istraholiday-ritosa.com\/hr\/izjava-o-koristenju-kolacica\/#breadcrumb\",\"itemListElement\":[{\"@type\":\"ListItem\",\"position\":1,\"name\":\"Po\u010detna stranica\",\"item\":\"https:\/\/istraholiday-ritosa.com\/hr\/\"},{\"@type\":\"ListItem\",\"position\":2,\"name\":\"Izjava o kori\u0161tenju Kola\u010di\u0107a\"}]},{\"@type\":\"WebSite\",\"@id\":\"https:\/\/istraholiday-ritosa.com\/hr\/#website\",\"url\":\"https:\/\/istraholiday-ritosa.com\/hr\/\",\"name\":\"Bed and Breakfast Rito\u0161a\",\"description\":\"room -  app\",\"potentialAction\":[{\"@type\":\"SearchAction\",\"target\":{\"@type\":\"EntryPoint\",\"urlTemplate\":\"https:\/\/istraholiday-ritosa.com\/hr\/?s={search_term_string}\"},\"query-input\":{\"@type\":\"PropertyValueSpecification\",\"valueRequired\":true,\"valueName\":\"search_term_string\"}}],\"inLanguage\":\"hr\"}]}<\/script>\n<!-- \/ Yoast SEO plugin. -->","yoast_head_json":{"title":"Izjava o kori\u0161tenju Kola\u010di\u0107a - Bed and Breakfast Rito\u0161a","robots":{"index":"index","follow":"follow","max-snippet":"max-snippet:-1","max-image-preview":"max-image-preview:large","max-video-preview":"max-video-preview:-1"},"canonical":"https:\/\/istraholiday-ritosa.com\/hr\/izjava-o-koristenju-kolacica\/","og_locale":"hr_HR","og_type":"article","og_title":"Izjava o kori\u0161tenju Kola\u010di\u0107a - Bed and Breakfast Rito\u0161a","og_url":"https:\/\/istraholiday-ritosa.com\/hr\/izjava-o-koristenju-kolacica\/","og_site_name":"Bed and Breakfast Rito\u0161a","article_modified_time":"2019-11-18T12:23:45+00:00","twitter_card":"summary_large_image","twitter_misc":{"Procijenjeno vrijeme \u010ditanja":"4 minute"},"schema":{"@context":"https:\/\/schema.org","@graph":[{"@type":"WebPage","@id":"https:\/\/istraholiday-ritosa.com\/hr\/izjava-o-koristenju-kolacica\/","url":"https:\/\/istraholiday-ritosa.com\/hr\/izjava-o-koristenju-kolacica\/","name":"Izjava o kori\u0161tenju Kola\u010di\u0107a - Bed and Breakfast Rito\u0161a","isPartOf":{"@id":"https:\/\/istraholiday-ritosa.com\/hr\/#website"},"datePublished":"2018-05-17T15:17:02+00:00","dateModified":"2019-11-18T12:23:45+00:00","breadcrumb":{"@id":"https:\/\/istraholiday-ritosa.com\/hr\/izjava-o-koristenju-kolacica\/#breadcrumb"},"inLanguage":"hr","potentialAction":[{"@type":"ReadAction","target":["https:\/\/istraholiday-ritosa.com\/hr\/izjava-o-koristenju-kolacica\/"]}]},{"@type":"BreadcrumbList","@id":"https:\/\/istraholiday-ritosa.com\/hr\/izjava-o-koristenju-kolacica\/#breadcrumb","itemListElement":[{"@type":"ListItem","position":1,"name":"Po\u010detna stranica","item":"https:\/\/istraholiday-ritosa.com\/hr\/"},{"@type":"ListItem","position":2,"name":"Izjava o kori\u0161tenju Kola\u010di\u0107a"}]},{"@type":"WebSite","@id":"https:\/\/istraholiday-ritosa.com\/hr\/#website","url":"https:\/\/istraholiday-ritosa.com\/hr\/","name":"Bed and Breakfast Rito\u0161a","description":"room -  app","potentialAction":[{"@type":"SearchAction","target":{"@type":"EntryPoint","urlTemplate":"https:\/\/istraholiday-ritosa.com\/hr\/?s={search_term_string}"},"query-input":{"@type":"PropertyValueSpecification","valueRequired":true,"valueName":"search_term_string"}}],"inLanguage":"hr"}]}},"_links":{"self":[{"href":"https:\/\/istraholiday-ritosa.com\/hr\/wp-json\/wp\/v2\/pages\/6","targetHints":{"allow":["GET"]}}],"collection":[{"href":"https:\/\/istraholiday-ritosa.com\/hr\/wp-json\/wp\/v2\/pages"}],"about":[{"href":"https:\/\/istraholiday-ritosa.com\/hr\/wp-json\/wp\/v2\/types\/page"}],"author":[{"embeddable":true,"href":"https:\/\/istraholiday-ritosa.com\/hr\/wp-json\/wp\/v2\/users\/1"}],"replies":[{"embeddable":true,"href":"https:\/\/istraholiday-ritosa.com\/hr\/wp-json\/wp\/v2\/comments?post=6"}],"version-history":[{"count":7,"href":"https:\/\/istraholiday-ritosa.com\/hr\/wp-json\/wp\/v2\/pages\/6\/revisions"}],"predecessor-version":[{"id":1434,"href":"https:\/\/istraholiday-ritosa.com\/hr\/wp-json\/wp\/v2\/pages\/6\/revisions\/1434"}],"wp:attachment":[{"href":"https:\/\/istraholiday-ritosa.com\/hr\/wp-json\/wp\/v2\/media?parent=6"}],"curies":[{"name":"wp","href":"https:\/\/api.w.org\/{rel}","templated":true}]}}